{"id":174,"date":"2020-05-03T19:02:59","date_gmt":"2020-05-03T19:02:59","guid":{"rendered":"http:\/\/www.posadzki-tynki.opole.pl\/?page_id=174"},"modified":"2020-06-13T07:24:05","modified_gmt":"2020-06-13T07:24:05","slug":"tynki-maszynowe","status":"publish","type":"page","link":"http:\/\/www.posadzki-tynki.opole.pl\/index.php\/tynki-maszynowe\/","title":{"rendered":"Tynki maszynowe"},"content":{"rendered":"<p><strong><a href=\"http:\/\/www.posadzki-tynki.opole.pl\/wp-content\/uploads\/2020\/05\/maszyna-do-tynk\u00f3w-do-strony.jpg\"><img loading=\"lazy\" class=\"alignright wp-image-175\" src=\"http:\/\/www.posadzki-tynki.opole.pl\/wp-content\/uploads\/2020\/05\/maszyna-do-tynk\u00f3w-do-strony.jpg\" alt=\"\" width=\"371\" height=\"371\"\/><\/a>Tynki maszynowe:<\/strong><\/p>\n<ul>\n<li>gipsowe<\/li>\n<li>cementowo wapienne<\/li>\n<\/ul>\n<p>Firma remontowo-budowlana Alfred Fuhl, ma w swojej ofercie us\u0142ugi wykonania tynk\u00f3w maszynowych. Powstaj\u0105 one poprzez zmieszanie wody w agregacie tynkarskim z suchymi mieszankami tynkarskimi. Wyka\u0144cza si\u0119 nimi sufity i \u015bciany, a rozwi\u0105zania te maj\u0105 du\u017ce wzi\u0119cie w bran\u017cy. Dlaczego? Oto kilka powod\u00f3w.<br \/>\nJedn\u0105 z zalet tynk\u00f3w maszynowych jest szybko\u015b\u0107 wykonania takiej us\u0142ugi. Jak? Po prostu tak\u0105 mieszank\u0119 tworzy si\u0119 szybciej w agregacie ni\u017c w klasycznej betoniarce. Takie dzia\u0142anie nawet trzykrotnie skraca czas po\u015bwi\u0119cony otynkowanie domu. Brzmi op\u0142acalnie? I tak jest.<br \/>\nGotowe mieszanki to te\u017c jako\u015b\u0107 w postaci takiej samej konsystencji tynk\u00f3w &#8211; betoniarka mo\u017ce sprawia\u0107, \u017ce w\u0142a\u015bciwo\u015bci danych mieszanek mog\u0105 si\u0119 r\u00f3\u017cni\u0107, tynki maszynowe takiego ryzyka si\u0119 pozbywaj\u0105.<\/p>\n<p>Skoro mamy ju\u017c jako\u015b\u0107, mamy szybko\u015b\u0107, to teraz nasuwa si\u0119 pytanie o koszt. Oczywi\u015bcie taka mieszanka jest nieco dro\u017csza od klasycznej, ale efekt jest znacznie bardziej estetyczny i trwalszy. Proponujemy tynki maszynowe cementowe, cementowo-wapienne i gipsowe. Je\u015bli nie wiesz, co b\u0119dzie dla Ciebie najlepsze, zapytaj nas.<\/p>\n<div align=\"center\">\n<div style=\"width: 640px;\" class=\"wp-video\"><!--[if lt IE 9]><script>document.createElement('video');<\/script><![endif]-->\n<video class=\"wp-video-shortcode\" id=\"video-174-1\" width=\"640\" height=\"352\" autoplay=\"1\" preload=\"auto\" controls=\"controls\"><source type=\"video\/mp4\" src=\"http:\/\/www.posadzki-tynki.opole.pl\/wp-content\/uploads\/2020\/05\/Tynki-maszynowe.mp4?_=1\" \/><a href=\"http:\/\/www.posadzki-tynki.opole.pl\/wp-content\/uploads\/2020\/05\/Tynki-maszynowe.mp4\">http:\/\/www.posadzki-tynki.opole.pl\/wp-content\/uploads\/2020\/05\/Tynki-maszynowe.mp4<\/a><\/video><\/div>\n<\/div>\n","protected":false},"excerpt":{"rendered":"<p>Tynki maszynowe: gipsowe cementowo wapienne Firma remontowo-budowlana Alfred Fuhl, ma w swojej ofercie us\u0142ugi wykonania tynk\u00f3w maszynowych. Powstaj\u0105 one poprzez zmieszanie wody w agregacie tynkarskim z suchymi mieszankami tynkarskimi. Wyka\u0144cza si\u0119 nimi sufity i \u015bciany, a rozwi\u0105zania te maj\u0105 du\u017ce wzi\u0119cie w bran\u017cy. Dlaczego? Oto kilka powod\u00f3w. Jedn\u0105 z zalet tynk\u00f3w maszynowych jest szybko\u015b\u0107 wykonania [&#8230;]<\/p>\n","protected":false},"author":1,"featured_media":0,"parent":0,"menu_order":0,"comment_status":"closed","ping_status":"closed","template":"","meta":{"ngg_post_thumbnail":0},"yoast_head":"<!-- This site is optimized with the Yoast SEO plugin v15.7 - https:\/\/yoast.com\/wordpress\/plugins\/seo\/ -->\n<title>Tynki maszynowe - Alfred Fuhl - Posadzki i tynki maszynowe - Opole - Fuhl Alfred<\/title>\n<meta name=\"robots\" content=\"index, follow, max-snippet:-1, max-image-preview:large, max-video-preview:-1\" \/>\n<link rel=\"canonical\" href=\"http:\/\/www.posadzki-tynki.opole.pl\/index.php\/tynki-maszynowe\/\" \/>\n<meta property=\"og:locale\" content=\"pl_PL\" \/>\n<meta property=\"og:type\" content=\"article\" \/>\n<meta property=\"og:title\" content=\"Tynki maszynowe - Alfred Fuhl - Posadzki i tynki maszynowe - Opole - Fuhl Alfred\" \/>\n<meta property=\"og:description\" content=\"Tynki maszynowe: gipsowe cementowo wapienne Firma remontowo-budowlana Alfred Fuhl, ma w swojej ofercie us\u0142ugi wykonania tynk\u00f3w maszynowych. Powstaj\u0105 one poprzez zmieszanie wody w agregacie tynkarskim z suchymi mieszankami tynkarskimi. Wyka\u0144cza si\u0119 nimi sufity i \u015bciany, a rozwi\u0105zania te maj\u0105 du\u017ce wzi\u0119cie w bran\u017cy. Dlaczego? Oto kilka powod\u00f3w. Jedn\u0105 z zalet tynk\u00f3w maszynowych jest szybko\u015b\u0107 wykonania [...]\" \/>\n<meta property=\"og:url\" content=\"http:\/\/www.posadzki-tynki.opole.pl\/index.php\/tynki-maszynowe\/\" \/>\n<meta property=\"og:site_name\" content=\"Alfred Fuhl - Posadzki i tynki maszynowe - Opole - Fuhl Alfred\" \/>\n<meta property=\"article:modified_time\" content=\"2020-06-13T07:24:05+00:00\" \/>\n<meta property=\"og:image\" content=\"http:\/\/www.posadzki-tynki.opole.pl\/wp-content\/uploads\/2020\/05\/maszyna-do-tynk\u00f3w-do-strony.jpg\" \/>\n<meta name=\"twitter:card\" content=\"summary_large_image\" \/>\n<meta name=\"twitter:label1\" content=\"Est. reading time\">\n\t<meta name=\"twitter:data1\" content=\"1 minuta\">\n<script type=\"application\/ld+json\" class=\"yoast-schema-graph\">{\"@context\":\"https:\/\/schema.org\",\"@graph\":[{\"@type\":\"WebSite\",\"@id\":\"http:\/\/www.posadzki-tynki.opole.pl\/#website\",\"url\":\"http:\/\/www.posadzki-tynki.opole.pl\/\",\"name\":\"Alfred Fuhl - Posadzki i tynki maszynowe - Opole - Fuhl Alfred\",\"description\":\"Alfred Fuhl - Posadzki i tynki maszynowe - Opole, Ozimek, Kluczbork, Olesno\",\"potentialAction\":[{\"@type\":\"SearchAction\",\"target\":\"http:\/\/www.posadzki-tynki.opole.pl\/?s={search_term_string}\",\"query-input\":\"required name=search_term_string\"}],\"inLanguage\":\"pl-PL\"},{\"@type\":\"ImageObject\",\"@id\":\"http:\/\/www.posadzki-tynki.opole.pl\/index.php\/tynki-maszynowe\/#primaryimage\",\"inLanguage\":\"pl-PL\",\"url\":\"http:\/\/www.posadzki-tynki.opole.pl\/wp-content\/uploads\/2020\/05\/maszyna-do-tynk\\u00f3w-do-strony.jpg\"},{\"@type\":\"WebPage\",\"@id\":\"http:\/\/www.posadzki-tynki.opole.pl\/index.php\/tynki-maszynowe\/#webpage\",\"url\":\"http:\/\/www.posadzki-tynki.opole.pl\/index.php\/tynki-maszynowe\/\",\"name\":\"Tynki maszynowe - Alfred Fuhl - Posadzki i tynki maszynowe - Opole - Fuhl Alfred\",\"isPartOf\":{\"@id\":\"http:\/\/www.posadzki-tynki.opole.pl\/#website\"},\"primaryImageOfPage\":{\"@id\":\"http:\/\/www.posadzki-tynki.opole.pl\/index.php\/tynki-maszynowe\/#primaryimage\"},\"datePublished\":\"2020-05-03T19:02:59+00:00\",\"dateModified\":\"2020-06-13T07:24:05+00:00\",\"inLanguage\":\"pl-PL\",\"potentialAction\":[{\"@type\":\"ReadAction\",\"target\":[\"http:\/\/www.posadzki-tynki.opole.pl\/index.php\/tynki-maszynowe\/\"]}]}]}<\/script>\n<!-- \/ Yoast SEO plugin. -->","_links":{"self":[{"href":"http:\/\/www.posadzki-tynki.opole.pl\/index.php\/wp-json\/wp\/v2\/pages\/174"}],"collection":[{"href":"http:\/\/www.posadzki-tynki.opole.pl\/index.php\/wp-json\/wp\/v2\/pages"}],"about":[{"href":"http:\/\/www.posadzki-tynki.opole.pl\/index.php\/wp-json\/wp\/v2\/types\/page"}],"author":[{"embeddable":true,"href":"http:\/\/www.posadzki-tynki.opole.pl\/index.php\/wp-json\/wp\/v2\/users\/1"}],"replies":[{"embeddable":true,"href":"http:\/\/www.posadzki-tynki.opole.pl\/index.php\/wp-json\/wp\/v2\/comments?post=174"}],"version-history":[{"count":8,"href":"http:\/\/www.posadzki-tynki.opole.pl\/index.php\/wp-json\/wp\/v2\/pages\/174\/revisions"}],"predecessor-version":[{"id":310,"href":"http:\/\/www.posadzki-tynki.opole.pl\/index.php\/wp-json\/wp\/v2\/pages\/174\/revisions\/310"}],"wp:attachment":[{"href":"http:\/\/www.posadzki-tynki.opole.pl\/index.php\/wp-json\/wp\/v2\/media?parent=174"}],"curies":[{"name":"wp","href":"https:\/\/api.w.org\/{rel}","templated":true}]}}