{"id":4,"date":"2010-04-09T13:24:07","date_gmt":"2010-04-09T13:24:07","guid":{"rendered":"http:\/\/www.butcher.home.pl\/fuhl-posadzki\/?page_id=4"},"modified":"2020-06-13T07:22:34","modified_gmt":"2020-06-13T07:22:34","slug":"o-firmie","status":"publish","type":"page","link":"http:\/\/www.posadzki-tynki.opole.pl\/index.php\/o-firmie\/","title":{"rendered":"O firmie"},"content":{"rendered":"<p style=\"text-align: left;\">Firma U. R. B. Fuhl Alfred powsta\u0142a w 1997 roku. Od tego czasu dzia\u0142amy na rynku us\u0142ug romontowo-budowlanych. Wiedza nabyta na przestrzeni lat pomaga nam oferowa\u0107 najwy\u017csz\u0105 jako\u015b\u0107 wykonywanych zlece\u0144.<\/p>\n<p style=\"text-align: left;\">Proponujemy prace budowlane i remontowe zar\u00f3wno z u\u017cyciem materia\u0142\u00f3w nam powierzonych, jak i z dostarczeniem ich przez nas.<\/p>\n<p style=\"text-align: left;\">Nasi pracownicy to wykwalifikowani fachowcy, kt\u00f3rzy w powierzone zadania wk\u0142adaj\u0105 100% swojej wiedzy praktycznej. To te\u017c pasjonaci budowlani, kt\u00f3rzy po prostu lubi\u0105 to co robi\u0105. Dzia\u0142amy na profesjonalnym sprz\u0119cie, co gwarantuje nie tylko dok\u0142adno\u015b\u0107, ale i szybko\u015b\u0107 realizacji ka\u017cdego zlecenia. Obszarem naszych dzia\u0142a\u0144 jest przede wszystkim wojew\u00f3dztwo opolskie.<\/p>\n<p style=\"text-align: left;\">Co jeszcze proponujemy? Opr\u00f3cz zlece\u0144 wykonawczych mo\u017cna tak\u017ce korzysta\u0107 z naszego doradztwa remontowo-budowlanego. Alfred Fuhl \u2013 Us\u0142ugi Remontowo Budowlane, oferuje przyst\u0119pne ceny za us\u0142ugi dotycz\u0105ce: tynk\u00f3w gipsowych i cementowo-wapiennych, budowa dom\u00f3w i obiekt\u00f3w przemys\u0142owych, docieplanie budynk\u00f3w, aran\u017cacje i wyko\u0144czenia wn\u0119trz.<\/p>\n<p style=\"text-align: center;\"><iframe src=\"\/\/www.youtube.com\/embed\/Vqx78eZp9-I?rel=0&amp;controls=0&amp;showinfo=0\" width=\"800\" height=\"520\" frameborder=\"0\" allowfullscreen=\"allowfullscreen\"><\/iframe><\/p>\n","protected":false},"excerpt":{"rendered":"<p>Firma U. R. B. Fuhl Alfred powsta\u0142a w 1997 roku. Od tego czasu dzia\u0142amy na rynku us\u0142ug romontowo-budowlanych. Wiedza nabyta na przestrzeni lat pomaga nam oferowa\u0107 najwy\u017csz\u0105 jako\u015b\u0107 wykonywanych zlece\u0144. Proponujemy prace budowlane i remontowe zar\u00f3wno z u\u017cyciem materia\u0142\u00f3w nam powierzonych, jak i z dostarczeniem ich przez nas. Nasi pracownicy to wykwalifikowani fachowcy, kt\u00f3rzy w [&#8230;]<\/p>\n","protected":false},"author":1,"featured_media":0,"parent":0,"menu_order":0,"comment_status":"open","ping_status":"open","template":"","meta":{"ngg_post_thumbnail":0},"yoast_head":"<!-- This site is optimized with the Yoast SEO plugin v15.7 - https:\/\/yoast.com\/wordpress\/plugins\/seo\/ -->\n<title>O firmie - Alfred Fuhl - Posadzki i tynki maszynowe - Opole - Fuhl Alfred<\/title>\n<meta name=\"robots\" content=\"index, follow, max-snippet:-1, max-image-preview:large, max-video-preview:-1\" \/>\n<link rel=\"canonical\" href=\"https:\/\/www.posadzki-tynki.opole.pl\/index.php\/o-firmie\/\" \/>\n<meta property=\"og:locale\" content=\"pl_PL\" \/>\n<meta property=\"og:type\" content=\"article\" \/>\n<meta property=\"og:title\" content=\"O firmie - Alfred Fuhl - Posadzki i tynki maszynowe - Opole - Fuhl Alfred\" \/>\n<meta property=\"og:description\" content=\"Firma U. R. B. Fuhl Alfred powsta\u0142a w 1997 roku. Od tego czasu dzia\u0142amy na rynku us\u0142ug romontowo-budowlanych. Wiedza nabyta na przestrzeni lat pomaga nam oferowa\u0107 najwy\u017csz\u0105 jako\u015b\u0107 wykonywanych zlece\u0144. Proponujemy prace budowlane i remontowe zar\u00f3wno z u\u017cyciem materia\u0142\u00f3w nam powierzonych, jak i z dostarczeniem ich przez nas. Nasi pracownicy to wykwalifikowani fachowcy, kt\u00f3rzy w [...]\" \/>\n<meta property=\"og:url\" content=\"https:\/\/www.posadzki-tynki.opole.pl\/index.php\/o-firmie\/\" \/>\n<meta property=\"og:site_name\" content=\"Alfred Fuhl - Posadzki i tynki maszynowe - Opole - Fuhl Alfred\" \/>\n<meta property=\"article:modified_time\" content=\"2020-06-13T07:22:34+00:00\" \/>\n<meta name=\"twitter:card\" content=\"summary_large_image\" \/>\n<meta name=\"twitter:label1\" content=\"Est. reading time\">\n\t<meta name=\"twitter:data1\" content=\"1 minuta\">\n<script type=\"application\/ld+json\" class=\"yoast-schema-graph\">{\"@context\":\"https:\/\/schema.org\",\"@graph\":[{\"@type\":\"WebSite\",\"@id\":\"http:\/\/www.posadzki-tynki.opole.pl\/#website\",\"url\":\"http:\/\/www.posadzki-tynki.opole.pl\/\",\"name\":\"Alfred Fuhl - Posadzki i tynki maszynowe - Opole - Fuhl Alfred\",\"description\":\"Alfred Fuhl - Posadzki i tynki maszynowe - Opole, Ozimek, Kluczbork, Olesno\",\"potentialAction\":[{\"@type\":\"SearchAction\",\"target\":\"http:\/\/www.posadzki-tynki.opole.pl\/?s={search_term_string}\",\"query-input\":\"required name=search_term_string\"}],\"inLanguage\":\"pl-PL\"},{\"@type\":\"WebPage\",\"@id\":\"https:\/\/www.posadzki-tynki.opole.pl\/index.php\/o-firmie\/#webpage\",\"url\":\"https:\/\/www.posadzki-tynki.opole.pl\/index.php\/o-firmie\/\",\"name\":\"O firmie - Alfred Fuhl - Posadzki i tynki maszynowe - Opole - Fuhl Alfred\",\"isPartOf\":{\"@id\":\"http:\/\/www.posadzki-tynki.opole.pl\/#website\"},\"datePublished\":\"2010-04-09T13:24:07+00:00\",\"dateModified\":\"2020-06-13T07:22:34+00:00\",\"inLanguage\":\"pl-PL\",\"potentialAction\":[{\"@type\":\"ReadAction\",\"target\":[\"https:\/\/www.posadzki-tynki.opole.pl\/index.php\/o-firmie\/\"]}]}]}<\/script>\n<!-- \/ Yoast SEO plugin. -->","_links":{"self":[{"href":"http:\/\/www.posadzki-tynki.opole.pl\/index.php\/wp-json\/wp\/v2\/pages\/4"}],"collection":[{"href":"http:\/\/www.posadzki-tynki.opole.pl\/index.php\/wp-json\/wp\/v2\/pages"}],"about":[{"href":"http:\/\/www.posadzki-tynki.opole.pl\/index.php\/wp-json\/wp\/v2\/types\/page"}],"author":[{"embeddable":true,"href":"http:\/\/www.posadzki-tynki.opole.pl\/index.php\/wp-json\/wp\/v2\/users\/1"}],"replies":[{"embeddable":true,"href":"http:\/\/www.posadzki-tynki.opole.pl\/index.php\/wp-json\/wp\/v2\/comments?post=4"}],"version-history":[{"count":25,"href":"http:\/\/www.posadzki-tynki.opole.pl\/index.php\/wp-json\/wp\/v2\/pages\/4\/revisions"}],"predecessor-version":[{"id":302,"href":"http:\/\/www.posadzki-tynki.opole.pl\/index.php\/wp-json\/wp\/v2\/pages\/4\/revisions\/302"}],"wp:attachment":[{"href":"http:\/\/www.posadzki-tynki.opole.pl\/index.php\/wp-json\/wp\/v2\/media?parent=4"}],"curies":[{"name":"wp","href":"https:\/\/api.w.org\/{rel}","templated":true}]}}