{"id":6,"date":"2010-04-09T13:25:12","date_gmt":"2010-04-09T13:25:12","guid":{"rendered":"http:\/\/www.butcher.home.pl\/fuhl-posadzki\/?page_id=6"},"modified":"2020-06-13T07:21:23","modified_gmt":"2020-06-13T07:21:23","slug":"oferta","status":"publish","type":"page","link":"http:\/\/www.posadzki-tynki.opole.pl\/index.php\/oferta\/","title":{"rendered":"Oferta budowlana"},"content":{"rendered":"<p><img loading=\"lazy\" class=\"alignright\" src=\"http:\/\/www.posadzki-tynki.opole.pl\/wp-content\/uploads\/2010\/04\/iStock_000011482166XSmall.jpg\" alt=\"\" width=\"434\" height=\"276\"\/><strong>Firma Alfred Fuhl \u2013 Us\u0142ugi Remontowo Budowlane specjalizuje si\u0119 w us\u0142ugach budowlanych w ca\u0142ym wojew\u00f3dztwie opolskim.<\/strong><\/p>\n<p>Na Nasz\u0105 ofert\u0119 sk\u0142adaj\u0105 si\u0119:<\/p>\n<ul>\n<li>posadzki anhydrytowe<\/li>\n<li>posadzki maszynowe<\/li>\n<li>tynki gipsowe i cementowo-wapienne<\/li>\n<li>budowy dom\u00f3w i obiekt\u00f3w przemys\u0142owych<\/li>\n<li>docieplania budynk\u00f3w<\/li>\n<li>aran\u017cacje i wyko\u0144czenia wn\u0119trz<\/li>\n<li>og\u00f3lne prace budowlane i wyko\u0144czeniowe<\/li>\n<\/ul>\n<p>Ka\u017cde zlecenie to u nas 100% zaanga\u017cowania i 100% zadowolenia Klienta. Do wszystkich prac wykorzystujemy profesjonalny sprz\u0119t pomiarowy oraz fachow\u0105 wiedz\u0119 naszej kadry. Profesjonalizm to nasze drugie imi\u0119.<\/p>\n<p>Dbamy o to, aby wszelkie prace by\u0142y wykonane szybko i dok\u0142adnie. Cechuje nas te\u017c solidno\u015b\u0107, co jest nieodzowne w bran\u017cy remontowo-budowlanej. Jako\u015b\u0107 u nas przyci\u0105ga, ale ceny nie odstraszaj\u0105 &#8211; to dobre po\u0142\u0105czenie, prawda?<\/p>\n<p>Je\u015bli te\u017c tak uwa\u017casz to jeste\u015b w dobrym miejscu, a Alfred Fuhl \u2013 Us\u0142ugi Remontowo Budowlane to wykonawca, kt\u00f3rego powiniene\u015b wybra\u0107. Nie bez powodu jeste\u015bmy w tej bran\u017cy nieprzerwanie od roku 1997. I zamierzamy tak dzia\u0142a\u0107 jeszcze d\u0142ugo, a to gwarantuje tylko najwy\u017csza jako\u015b\u0107 oferowanych prac.<\/p>\n","protected":false},"excerpt":{"rendered":"<p>Firma Alfred Fuhl \u2013 Us\u0142ugi Remontowo Budowlane specjalizuje si\u0119 w us\u0142ugach budowlanych w ca\u0142ym wojew\u00f3dztwie opolskim. Na Nasz\u0105 ofert\u0119 sk\u0142adaj\u0105 si\u0119: posadzki anhydrytowe posadzki maszynowe tynki gipsowe i cementowo-wapienne budowy dom\u00f3w i obiekt\u00f3w przemys\u0142owych docieplania budynk\u00f3w aran\u017cacje i wyko\u0144czenia wn\u0119trz og\u00f3lne prace budowlane i wyko\u0144czeniowe Ka\u017cde zlecenie to u nas 100% zaanga\u017cowania i 100% zadowolenia [&#8230;]<\/p>\n","protected":false},"author":1,"featured_media":0,"parent":0,"menu_order":0,"comment_status":"open","ping_status":"open","template":"","meta":{"ngg_post_thumbnail":0},"yoast_head":"<!-- This site is optimized with the Yoast SEO plugin v15.7 - https:\/\/yoast.com\/wordpress\/plugins\/seo\/ -->\n<title>Oferta budowlana - Alfred Fuhl - Posadzki i tynki maszynowe - Opole - Fuhl Alfred<\/title>\n<meta name=\"robots\" content=\"index, follow, max-snippet:-1, max-image-preview:large, max-video-preview:-1\" \/>\n<link rel=\"canonical\" href=\"https:\/\/www.posadzki-tynki.opole.pl\/index.php\/oferta\/\" \/>\n<meta property=\"og:locale\" content=\"pl_PL\" \/>\n<meta property=\"og:type\" content=\"article\" \/>\n<meta property=\"og:title\" content=\"Oferta budowlana - Alfred Fuhl - Posadzki i tynki maszynowe - Opole - Fuhl Alfred\" \/>\n<meta property=\"og:description\" content=\"Firma Alfred Fuhl \u2013 Us\u0142ugi Remontowo Budowlane specjalizuje si\u0119 w us\u0142ugach budowlanych w ca\u0142ym wojew\u00f3dztwie opolskim. Na Nasz\u0105 ofert\u0119 sk\u0142adaj\u0105 si\u0119: posadzki anhydrytowe posadzki maszynowe tynki gipsowe i cementowo-wapienne budowy dom\u00f3w i obiekt\u00f3w przemys\u0142owych docieplania budynk\u00f3w aran\u017cacje i wyko\u0144czenia wn\u0119trz og\u00f3lne prace budowlane i wyko\u0144czeniowe Ka\u017cde zlecenie to u nas 100% zaanga\u017cowania i 100% zadowolenia [...]\" \/>\n<meta property=\"og:url\" content=\"https:\/\/www.posadzki-tynki.opole.pl\/index.php\/oferta\/\" \/>\n<meta property=\"og:site_name\" content=\"Alfred Fuhl - Posadzki i tynki maszynowe - Opole - Fuhl Alfred\" \/>\n<meta property=\"article:modified_time\" content=\"2020-06-13T07:21:23+00:00\" \/>\n<meta property=\"og:image\" content=\"http:\/\/www.posadzki-tynki.opole.pl\/wp-content\/uploads\/2010\/04\/iStock_000011482166XSmall.jpg\" \/>\n<meta name=\"twitter:card\" content=\"summary_large_image\" \/>\n<meta name=\"twitter:label1\" content=\"Est. reading time\">\n\t<meta name=\"twitter:data1\" content=\"1 minuta\">\n<script type=\"application\/ld+json\" class=\"yoast-schema-graph\">{\"@context\":\"https:\/\/schema.org\",\"@graph\":[{\"@type\":\"WebSite\",\"@id\":\"http:\/\/www.posadzki-tynki.opole.pl\/#website\",\"url\":\"http:\/\/www.posadzki-tynki.opole.pl\/\",\"name\":\"Alfred Fuhl - Posadzki i tynki maszynowe - Opole - Fuhl Alfred\",\"description\":\"Alfred Fuhl - Posadzki i tynki maszynowe - Opole, Ozimek, Kluczbork, Olesno\",\"potentialAction\":[{\"@type\":\"SearchAction\",\"target\":\"http:\/\/www.posadzki-tynki.opole.pl\/?s={search_term_string}\",\"query-input\":\"required name=search_term_string\"}],\"inLanguage\":\"pl-PL\"},{\"@type\":\"ImageObject\",\"@id\":\"https:\/\/www.posadzki-tynki.opole.pl\/index.php\/oferta\/#primaryimage\",\"inLanguage\":\"pl-PL\",\"url\":\"http:\/\/www.posadzki-tynki.opole.pl\/wp-content\/uploads\/2010\/04\/iStock_000011482166XSmall.jpg\",\"width\":\"434\",\"height\":\"276\"},{\"@type\":\"WebPage\",\"@id\":\"https:\/\/www.posadzki-tynki.opole.pl\/index.php\/oferta\/#webpage\",\"url\":\"https:\/\/www.posadzki-tynki.opole.pl\/index.php\/oferta\/\",\"name\":\"Oferta budowlana - Alfred Fuhl - Posadzki i tynki maszynowe - Opole - Fuhl Alfred\",\"isPartOf\":{\"@id\":\"http:\/\/www.posadzki-tynki.opole.pl\/#website\"},\"primaryImageOfPage\":{\"@id\":\"https:\/\/www.posadzki-tynki.opole.pl\/index.php\/oferta\/#primaryimage\"},\"datePublished\":\"2010-04-09T13:25:12+00:00\",\"dateModified\":\"2020-06-13T07:21:23+00:00\",\"inLanguage\":\"pl-PL\",\"potentialAction\":[{\"@type\":\"ReadAction\",\"target\":[\"https:\/\/www.posadzki-tynki.opole.pl\/index.php\/oferta\/\"]}]}]}<\/script>\n<!-- \/ Yoast SEO plugin. -->","_links":{"self":[{"href":"http:\/\/www.posadzki-tynki.opole.pl\/index.php\/wp-json\/wp\/v2\/pages\/6"}],"collection":[{"href":"http:\/\/www.posadzki-tynki.opole.pl\/index.php\/wp-json\/wp\/v2\/pages"}],"about":[{"href":"http:\/\/www.posadzki-tynki.opole.pl\/index.php\/wp-json\/wp\/v2\/types\/page"}],"author":[{"embeddable":true,"href":"http:\/\/www.posadzki-tynki.opole.pl\/index.php\/wp-json\/wp\/v2\/users\/1"}],"replies":[{"embeddable":true,"href":"http:\/\/www.posadzki-tynki.opole.pl\/index.php\/wp-json\/wp\/v2\/comments?post=6"}],"version-history":[{"count":18,"href":"http:\/\/www.posadzki-tynki.opole.pl\/index.php\/wp-json\/wp\/v2\/pages\/6\/revisions"}],"predecessor-version":[{"id":309,"href":"http:\/\/www.posadzki-tynki.opole.pl\/index.php\/wp-json\/wp\/v2\/pages\/6\/revisions\/309"}],"wp:attachment":[{"href":"http:\/\/www.posadzki-tynki.opole.pl\/index.php\/wp-json\/wp\/v2\/media?parent=6"}],"curies":[{"name":"wp","href":"https:\/\/api.w.org\/{rel}","templated":true}]}}